{"id":159,"date":"2023-12-30T13:44:00","date_gmt":"2023-12-30T12:44:00","guid":{"rendered":"https:\/\/www.benz-it.de\/content\/?page_id=159"},"modified":"2026-02-12T13:19:44","modified_gmt":"2026-02-12T12:19:44","slug":"support-anfrage","status":"publish","type":"page","link":"https:\/\/www.kiu-it.de\/info\/service-info\/support-anfrage\/","title":{"rendered":"Support-Anfrage"},"content":{"rendered":"<p>[et_pb_section fb_built=&#8220;1&#8243; _builder_version=&#8220;4.16&#8243; _module_preset=&#8220;default&#8220; use_background_color_gradient=&#8220;on&#8220; background_color_gradient_direction=&#8220;234deg&#8220; background_color_gradient_stops=&#8220;rgba(92,197,237,0.31) 20%|rgba(255,255,255,0.5) 77%&#8220; background_color_gradient_overlays_image=&#8220;on&#8220; background_color_gradient_start=&#8220;rgba(92,197,237,0.31)&#8220; background_color_gradient_start_position=&#8220;20%&#8220; background_color_gradient_end=&#8220;rgba(255,255,255,0.5)&#8220; background_color_gradient_end_position=&#8220;77%&#8220; background_image=&#8220;https:\/\/www.kiu-it.de\/info\/wp-content\/uploads\/2020\/11\/IStock-Haende-Tastatur-1500&#215;500-1.jpg&#8220; background_position=&#8220;bottom_right&#8220; min_height_tablet=&#8220;&#8220; min_height_phone=&#8220;&#8220; min_height_last_edited=&#8220;on|desktop&#8220; background_last_edited=&#8220;on|tablet&#8220; background_position_phone=&#8220;center_right&#8220; global_colors_info=&#8220;{}&#8220;][et_pb_row _builder_version=&#8220;4.16&#8243; _module_preset=&#8220;default&#8220; global_colors_info=&#8220;{}&#8220;][et_pb_column type=&#8220;4_4&#8243; _builder_version=&#8220;4.16&#8243; _module_preset=&#8220;default&#8220; global_colors_info=&#8220;{}&#8220;][et_pb_divider show_divider=&#8220;off&#8220; _builder_version=&#8220;4.16&#8243; _module_preset=&#8220;default&#8220; min_height_tablet=&#8220;&#8220; min_height_phone=&#8220;&#8220; min_height_last_edited=&#8220;on|phone&#8220; custom_margin=&#8220;300px||||false|false&#8220; custom_margin_tablet=&#8220;150px||||false|false&#8220; custom_margin_phone=&#8220;100px||||false|false&#8220; custom_margin_last_edited=&#8220;on|desktop&#8220; global_colors_info=&#8220;{}&#8220; custom_margin__hover_enabled=&#8220;on|desktop&#8220; custom_margin__hover=&#8220;300px||||false|false&#8220;][\/et_pb_divider][\/et_pb_column][\/et_pb_row][\/et_pb_section][et_pb_section fb_built=&#8220;1&#8243; _builder_version=&#8220;4.16&#8243; custom_padding=&#8220;54px|0px|100px|0px&#8220; global_colors_info=&#8220;{}&#8220;][et_pb_row column_structure=&#8220;2_3,1_3&#8243; use_custom_gutter=&#8220;on&#8220; gutter_width=&#8220;1&#8243; make_equal=&#8220;on&#8220; admin_label=&#8220;Contact&#8220; _builder_version=&#8220;4.16&#8243; background_color_gradient_direction=&#8220;90deg&#8220; background_size=&#8220;initial&#8220; background_position=&#8220;top_left&#8220; background_repeat=&#8220;repeat&#8220; width_tablet=&#8220;&#8220; width_phone=&#8220;100%&#8220; width_last_edited=&#8220;on|phone&#8220; max_width_tablet=&#8220;&#8220; max_width_phone=&#8220;100%&#8220; max_width_last_edited=&#8220;on|phone&#8220; custom_margin=&#8220;-10%||||false|false&#8220; custom_margin_tablet=&#8220;-12%||||false|false&#8220; custom_margin_phone=&#8220;-20%||||false|false&#8220; custom_margin_last_edited=&#8220;on|phone&#8220; custom_padding=&#8220;0px|0px|0px|0px||&#8220; animation_style=&#8220;slide&#8220; animation_direction=&#8220;bottom&#8220; animation_intensity_slide=&#8220;4%&#8220; box_shadow_style=&#8220;preset3&#8243; box_shadow_vertical=&#8220;58px&#8220; box_shadow_blur=&#8220;58px&#8220; box_shadow_color=&#8220;rgba(0,0,0,0.1)&#8220; global_colors_info=&#8220;{}&#8220;][et_pb_column type=&#8220;2_3&#8243; _builder_version=&#8220;4.16&#8243; custom_padding=&#8220;|||&#8220; global_colors_info=&#8220;{}&#8220; custom_padding__hover=&#8220;|||&#8220;][et_pb_contact_form email=&#8220;support@kiu-it.de&#8220; title=&#8220;Support-Anfrage&#8220; success_message=&#8220;Herzlichen Dank f\u00fcr Ihre Anfrage. Wir werden uns in K\u00fcrze bei Ihnen melden.&#8220; submit_button_text=&#8220;ANFRAGE SENDEN&#8220; admin_label=&#8220;Kontaktformular Support&#8220; module_id=&#8220;et_pb_contact_form_0&#8243; _builder_version=&#8220;4.25.0&#8243; _unique_id=&#8220;kontaktformular-support&#8220; form_field_background_color=&#8220;rgba(198,204,211,0.2)&#8220; form_field_text_color=&#8220;#7f868b&#8220; title_font=&#8220;Roboto|500||on|||||&#8220; title_text_color=&#8220;#0099AA&#8220; title_font_size=&#8220;20px&#8220; title_letter_spacing=&#8220;0.5px&#8220; title_line_height=&#8220;1.8em&#8220; captcha_text_color=&#8220;#7f868b&#8220; form_field_font=&#8220;Roboto|||on|||||&#8220; form_field_font_size=&#8220;13px&#8220; form_field_letter_spacing=&#8220;1px&#8220; background_color=&#8220;#ffffff&#8220; custom_button=&#8220;on&#8220; button_text_size=&#8220;15px&#8220; button_text_color=&#8220;#ffffff&#8220; button_bg_color=&#8220;#0099AA&#8220; button_border_width=&#8220;6px&#8220; button_border_color=&#8220;#0099AA&#8220; button_border_radius=&#8220;15px&#8220; button_letter_spacing=&#8220;2px&#8220; button_font=&#8220;Roboto|700||on|||||&#8220; button_icon=&#8220;&#x45;||divi||400&#8243; custom_margin=&#8220;|||&#8220; custom_padding=&#8220;50px|50px|50px|50px&#8220; admin_email_subject=&#8220;Support-Anfrage von der WebSite KIU-IT.de&#8220; save_files_to_db=&#8220;off&#8220; field_label_font=&#8220;|||on|||||&#8220; field_label_size=&#8220;13px&#8220; contact_message_location=&#8220;bottom&#8220; errormessage_wrapper_background=&#8220;rgba(204,0,0,0.2)&#8220; errormessage_wrapper_margin=&#8220;20px||||false|false&#8220; errormessage_wrapper_padding=&#8220;10px|10px|10px|10px|true|true&#8220; errormessage_wrapper_border=&#8220;on|15px|15px|15px|15px&#8220; errormessage_wrapper_border_color=&#8220;#cc0000&#8243; errormessage_wrapper_border_width=&#8220;1px&#8220; errormessage_fill_fontcolor=&#8220;#cc0000&#8243; use_honeypot=&#8220;on&#8220; border_radii=&#8220;on|15px|15px|15px|15px&#8220; border_width_all=&#8220;1px&#8220; border_color_all=&#8220;#CCEEEE&#8220; form_background_color=&#8220;#ffffff&#8220; global_colors_info=&#8220;{}&#8220;][et_pb_contact_field field_id=&#8220;vorname&#8220; field_title=&#8220;Vorname&#8220; min_length=&#8220;2&#8243; max_length=&#8220;20&#8243; _builder_version=&#8220;4.25.0&#8243; use_field_label=&#8220;on&#8220; use_field_placeholder=&#8220;on&#8220; use_field_icon=&#8220;on&#8220; field_icon=&#8220;&#xf007;||fa||900&#8243; global_colors_info=&#8220;{}&#8220; button_text_size__hover_enabled=&#8220;off&#8220; button_one_text_size__hover_enabled=&#8220;off&#8220; button_two_text_size__hover_enabled=&#8220;off&#8220; button_text_color__hover_enabled=&#8220;off&#8220; button_one_text_color__hover_enabled=&#8220;off&#8220; button_two_text_color__hover_enabled=&#8220;off&#8220; button_border_width__hover_enabled=&#8220;off&#8220; button_one_border_width__hover_enabled=&#8220;off&#8220; button_two_border_width__hover_enabled=&#8220;off&#8220; button_border_color__hover_enabled=&#8220;off&#8220; button_one_border_color__hover_enabled=&#8220;off&#8220; button_two_border_color__hover_enabled=&#8220;off&#8220; button_border_radius__hover_enabled=&#8220;off&#8220; button_one_border_radius__hover_enabled=&#8220;off&#8220; button_two_border_radius__hover_enabled=&#8220;off&#8220; button_letter_spacing__hover_enabled=&#8220;off&#8220; button_one_letter_spacing__hover_enabled=&#8220;off&#8220; button_two_letter_spacing__hover_enabled=&#8220;off&#8220; button_bg_color__hover_enabled=&#8220;off&#8220; button_one_bg_color__hover_enabled=&#8220;off&#8220; button_two_bg_color__hover_enabled=&#8220;off&#8220;][\/et_pb_contact_field][et_pb_contact_field field_id=&#8220;nachname&#8220; field_title=&#8220;Nachname&#8220; min_length=&#8220;2&#8243; max_length=&#8220;20&#8243; _builder_version=&#8220;4.25.0&#8243; use_field_label=&#8220;on&#8220; use_field_placeholder=&#8220;on&#8220; use_field_icon=&#8220;on&#8220; field_icon=&#8220;&#xf007;||fa||900&#8243; global_colors_info=&#8220;{}&#8220; button_text_size__hover_enabled=&#8220;off&#8220; button_one_text_size__hover_enabled=&#8220;off&#8220; button_two_text_size__hover_enabled=&#8220;off&#8220; button_text_color__hover_enabled=&#8220;off&#8220; button_one_text_color__hover_enabled=&#8220;off&#8220; button_two_text_color__hover_enabled=&#8220;off&#8220; button_border_width__hover_enabled=&#8220;off&#8220; button_one_border_width__hover_enabled=&#8220;off&#8220; button_two_border_width__hover_enabled=&#8220;off&#8220; button_border_color__hover_enabled=&#8220;off&#8220; button_one_border_color__hover_enabled=&#8220;off&#8220; button_two_border_color__hover_enabled=&#8220;off&#8220; button_border_radius__hover_enabled=&#8220;off&#8220; button_one_border_radius__hover_enabled=&#8220;off&#8220; button_two_border_radius__hover_enabled=&#8220;off&#8220; button_letter_spacing__hover_enabled=&#8220;off&#8220; button_one_letter_spacing__hover_enabled=&#8220;off&#8220; button_two_letter_spacing__hover_enabled=&#8220;off&#8220; button_bg_color__hover_enabled=&#8220;off&#8220; button_one_bg_color__hover_enabled=&#8220;off&#8220; button_two_bg_color__hover_enabled=&#8220;off&#8220;][\/et_pb_contact_field][et_pb_contact_field field_id=&#8220;unternehmen&#8220; field_title=&#8220;Unternehmen&#8220; min_length=&#8220;3&#8243; max_length=&#8220;30&#8243; required_mark=&#8220;off&#8220; fullwidth_field=&#8220;on&#8220; _builder_version=&#8220;4.25.0&#8243; use_field_label=&#8220;on&#8220; use_field_placeholder=&#8220;on&#8220; use_field_icon=&#8220;on&#8220; field_icon=&#8220;&#xf1ad;||fa||900&#8243; global_colors_info=&#8220;{}&#8220; button_text_size__hover_enabled=&#8220;off&#8220; button_one_text_size__hover_enabled=&#8220;off&#8220; button_two_text_size__hover_enabled=&#8220;off&#8220; button_text_color__hover_enabled=&#8220;off&#8220; button_one_text_color__hover_enabled=&#8220;off&#8220; button_two_text_color__hover_enabled=&#8220;off&#8220; button_border_width__hover_enabled=&#8220;off&#8220; button_one_border_width__hover_enabled=&#8220;off&#8220; button_two_border_width__hover_enabled=&#8220;off&#8220; button_border_color__hover_enabled=&#8220;off&#8220; button_one_border_color__hover_enabled=&#8220;off&#8220; button_two_border_color__hover_enabled=&#8220;off&#8220; button_border_radius__hover_enabled=&#8220;off&#8220; button_one_border_radius__hover_enabled=&#8220;off&#8220; button_two_border_radius__hover_enabled=&#8220;off&#8220; button_letter_spacing__hover_enabled=&#8220;off&#8220; button_one_letter_spacing__hover_enabled=&#8220;off&#8220; button_two_letter_spacing__hover_enabled=&#8220;off&#8220; button_bg_color__hover_enabled=&#8220;off&#8220; button_one_bg_color__hover_enabled=&#8220;off&#8220; button_two_bg_color__hover_enabled=&#8220;off&#8220;][\/et_pb_contact_field][et_pb_contact_field field_id=&#8220;email&#8220; field_title=&#8220;E-Mail&#8220; field_type=&#8220;email&#8220; _builder_version=&#8220;4.25.0&#8243; use_field_label=&#8220;on&#8220; use_field_placeholder=&#8220;on&#8220; use_field_icon=&#8220;on&#8220; field_icon=&#8220;&#xe076;||divi||400&#8243; global_colors_info=&#8220;{}&#8220; button_text_size__hover_enabled=&#8220;off&#8220; button_one_text_size__hover_enabled=&#8220;off&#8220; button_two_text_size__hover_enabled=&#8220;off&#8220; button_text_color__hover_enabled=&#8220;off&#8220; button_one_text_color__hover_enabled=&#8220;off&#8220; button_two_text_color__hover_enabled=&#8220;off&#8220; button_border_width__hover_enabled=&#8220;off&#8220; button_one_border_width__hover_enabled=&#8220;off&#8220; button_two_border_width__hover_enabled=&#8220;off&#8220; button_border_color__hover_enabled=&#8220;off&#8220; button_one_border_color__hover_enabled=&#8220;off&#8220; button_two_border_color__hover_enabled=&#8220;off&#8220; button_border_radius__hover_enabled=&#8220;off&#8220; button_one_border_radius__hover_enabled=&#8220;off&#8220; button_two_border_radius__hover_enabled=&#8220;off&#8220; button_letter_spacing__hover_enabled=&#8220;off&#8220; button_one_letter_spacing__hover_enabled=&#8220;off&#8220; button_two_letter_spacing__hover_enabled=&#8220;off&#8220; button_bg_color__hover_enabled=&#8220;off&#8220; button_one_bg_color__hover_enabled=&#8220;off&#8220; button_two_bg_color__hover_enabled=&#8220;off&#8220;][\/et_pb_contact_field][et_pb_contact_field field_id=&#8220;telefon&#8220; field_title=&#8220;Telefon&#8220; min_length=&#8220;8&#8243; max_length=&#8220;30&#8243; _builder_version=&#8220;4.25.0&#8243; use_field_label=&#8220;on&#8220; use_field_placeholder=&#8220;on&#8220; use_field_icon=&#8220;on&#8220; field_icon=&#8220;&#xf879;||fa||900&#8243; global_colors_info=&#8220;{}&#8220; button_text_size__hover_enabled=&#8220;off&#8220; button_one_text_size__hover_enabled=&#8220;off&#8220; button_two_text_size__hover_enabled=&#8220;off&#8220; button_text_color__hover_enabled=&#8220;off&#8220; button_one_text_color__hover_enabled=&#8220;off&#8220; button_two_text_color__hover_enabled=&#8220;off&#8220; button_border_width__hover_enabled=&#8220;off&#8220; button_one_border_width__hover_enabled=&#8220;off&#8220; button_two_border_width__hover_enabled=&#8220;off&#8220; button_border_color__hover_enabled=&#8220;off&#8220; button_one_border_color__hover_enabled=&#8220;off&#8220; button_two_border_color__hover_enabled=&#8220;off&#8220; button_border_radius__hover_enabled=&#8220;off&#8220; button_one_border_radius__hover_enabled=&#8220;off&#8220; button_two_border_radius__hover_enabled=&#8220;off&#8220; button_letter_spacing__hover_enabled=&#8220;off&#8220; button_one_letter_spacing__hover_enabled=&#8220;off&#8220; button_two_letter_spacing__hover_enabled=&#8220;off&#8220; button_bg_color__hover_enabled=&#8220;off&#8220; button_one_bg_color__hover_enabled=&#8220;off&#8220; button_two_bg_color__hover_enabled=&#8220;off&#8220;][\/et_pb_contact_field][et_pb_contact_field field_id=&#8220;kontakt-art&#8220; field_title=&#8220;Ich bin erreichbar per &#8230;&#8220; field_type=&#8220;select&#8220; select_options=&#8220;%91{%22value%22:%22Telefon%22,%22checked%22:0,%22dragID%22:-1},{%22value%22:%22E-Mail%22,%22checked%22:0,%22dragID%22:0}%93&#8243; _builder_version=&#8220;4.25.0&#8243; use_field_label=&#8220;on&#8220; field_placeholder=&#8220;Bitte w\u00e4hlen &#8230;&#8220; use_field_icon=&#8220;on&#8220; field_icon=&#8220;&#xf4ad;||fa||900&#8243; global_colors_info=&#8220;{}&#8220; button_text_size__hover_enabled=&#8220;off&#8220; button_one_text_size__hover_enabled=&#8220;off&#8220; button_two_text_size__hover_enabled=&#8220;off&#8220; button_text_color__hover_enabled=&#8220;off&#8220; button_one_text_color__hover_enabled=&#8220;off&#8220; button_two_text_color__hover_enabled=&#8220;off&#8220; button_border_width__hover_enabled=&#8220;off&#8220; button_one_border_width__hover_enabled=&#8220;off&#8220; button_two_border_width__hover_enabled=&#8220;off&#8220; button_border_color__hover_enabled=&#8220;off&#8220; button_one_border_color__hover_enabled=&#8220;off&#8220; button_two_border_color__hover_enabled=&#8220;off&#8220; button_border_radius__hover_enabled=&#8220;off&#8220; button_one_border_radius__hover_enabled=&#8220;off&#8220; button_two_border_radius__hover_enabled=&#8220;off&#8220; button_letter_spacing__hover_enabled=&#8220;off&#8220; button_one_letter_spacing__hover_enabled=&#8220;off&#8220; button_two_letter_spacing__hover_enabled=&#8220;off&#8220; button_bg_color__hover_enabled=&#8220;off&#8220; button_one_bg_color__hover_enabled=&#8220;off&#8220; button_two_bg_color__hover_enabled=&#8220;off&#8220;][\/et_pb_contact_field][et_pb_contact_field field_id=&#8220;support-bereich&#8220; field_title=&#8220;Ich ben\u00f6tige Unterst\u00fctzung bei &#8230;&#8220; field_type=&#8220;select&#8220; select_options=&#8220;%91{%22value%22:%22Hardware%22,%22checked%22:0,%22dragID%22:-1},{%22value%22:%22Software%22,%22checked%22:0,%22dragID%22:0},{%22value%22:%22Netzwerk%22,%22checked%22:0,%22dragID%22:1},{%22value%22:%22Telekommunikation%22,%22checked%22:0,%22dragID%22:2},{%22value%22:%22Allgemeine Beratung%22,%22checked%22:0,%22dragID%22:3}%93&#8243; _builder_version=&#8220;4.25.0&#8243; use_field_label=&#8220;on&#8220; field_placeholder=&#8220;Bitte w\u00e4hlen &#8230;&#8220; use_field_icon=&#8220;on&#8220; field_icon=&#8220;&#xe035;||divi||400&#8243; global_colors_info=&#8220;{}&#8220; button_text_size__hover_enabled=&#8220;off&#8220; button_one_text_size__hover_enabled=&#8220;off&#8220; button_two_text_size__hover_enabled=&#8220;off&#8220; button_text_color__hover_enabled=&#8220;off&#8220; button_one_text_color__hover_enabled=&#8220;off&#8220; button_two_text_color__hover_enabled=&#8220;off&#8220; button_border_width__hover_enabled=&#8220;off&#8220; button_one_border_width__hover_enabled=&#8220;off&#8220; button_two_border_width__hover_enabled=&#8220;off&#8220; button_border_color__hover_enabled=&#8220;off&#8220; button_one_border_color__hover_enabled=&#8220;off&#8220; button_two_border_color__hover_enabled=&#8220;off&#8220; button_border_radius__hover_enabled=&#8220;off&#8220; button_one_border_radius__hover_enabled=&#8220;off&#8220; button_two_border_radius__hover_enabled=&#8220;off&#8220; button_letter_spacing__hover_enabled=&#8220;off&#8220; button_one_letter_spacing__hover_enabled=&#8220;off&#8220; button_two_letter_spacing__hover_enabled=&#8220;off&#8220; button_bg_color__hover_enabled=&#8220;off&#8220; button_one_bg_color__hover_enabled=&#8220;off&#8220; button_two_bg_color__hover_enabled=&#8220;off&#8220;][\/et_pb_contact_field][et_pb_contact_field field_id=&#8220;nachricht&#8220; field_title=&#8220;Ihre Nachricht&#8220; field_type=&#8220;text&#8220; fullwidth_field=&#8220;on&#8220; _builder_version=&#8220;4.25.0&#8243; use_field_label=&#8220;on&#8220; use_field_placeholder=&#8220;on&#8220; use_field_icon=&#8220;on&#8220; field_icon=&#8220;&#xf044;||fa||900&#8243; global_colors_info=&#8220;{}&#8220; button_text_size__hover_enabled=&#8220;off&#8220; button_one_text_size__hover_enabled=&#8220;off&#8220; button_two_text_size__hover_enabled=&#8220;off&#8220; button_text_color__hover_enabled=&#8220;off&#8220; button_one_text_color__hover_enabled=&#8220;off&#8220; button_two_text_color__hover_enabled=&#8220;off&#8220; button_border_width__hover_enabled=&#8220;off&#8220; button_one_border_width__hover_enabled=&#8220;off&#8220; button_two_border_width__hover_enabled=&#8220;off&#8220; button_border_color__hover_enabled=&#8220;off&#8220; button_one_border_color__hover_enabled=&#8220;off&#8220; button_two_border_color__hover_enabled=&#8220;off&#8220; button_border_radius__hover_enabled=&#8220;off&#8220; button_one_border_radius__hover_enabled=&#8220;off&#8220; button_two_border_radius__hover_enabled=&#8220;off&#8220; button_letter_spacing__hover_enabled=&#8220;off&#8220; button_one_letter_spacing__hover_enabled=&#8220;off&#8220; button_two_letter_spacing__hover_enabled=&#8220;off&#8220; button_bg_color__hover_enabled=&#8220;off&#8220; button_one_bg_color__hover_enabled=&#8220;off&#8220; button_two_bg_color__hover_enabled=&#8220;off&#8220;][\/et_pb_contact_field][et_pb_contact_field field_id=&#8220;datenschutz&#8220; field_title=&#8220;Datenschutz&#8220; field_type=&#8220;checkbox&#8220; checkbox_options=&#8220;%91{%22value%22:%22Ich bin mit den Bestimmungen zum Datenschutz einverstanden.%22,%22checked%22:0,%22dragID%22:-1}%93&#8243; fullwidth_field=&#8220;on&#8220; _builder_version=&#8220;4.25.0&#8243; _module_preset=&#8220;default&#8220; use_field_icon=&#8220;on&#8220; field_icon=&#8220;&#xf21b;||fa||900&#8243; global_colors_info=&#8220;{}&#8220;][\/et_pb_contact_field][et_pb_contact_field field_id=&#8220;email-verifikation&#8220; field_title=&#8220;Bitte wiederholen Sie Ihre E-Mail-Adresse zur Verifikation&#8220; field_type=&#8220;email&#8220; fullwidth_field=&#8220;on&#8220; conditional_logic=&#8220;on&#8220; conditional_logic_relation=&#8220;on&#8220; conditional_logic_rules=&#8220;%91{%22field%22:%22datenschutz%22,%22condition%22:%22is%22,%22value%22:%22Ich bin mit den Bestimmungen zum Datenschutz einverstanden.%22}%93&#8243; _builder_version=&#8220;4.25.0&#8243; _module_preset=&#8220;default&#8220; use_field_label=&#8220;on&#8220; use_field_placeholder=&#8220;on&#8220; use_field_icon=&#8220;on&#8220; field_icon=&#8220;&#xe076;||divi||400&#8243; global_colors_info=&#8220;{}&#8220;][\/et_pb_contact_field][\/et_pb_contact_form][\/et_pb_column][et_pb_column type=&#8220;1_3&#8243; _builder_version=&#8220;4.16&#8243; background_color=&#8220;#c6ccd3&#8243; background_enable_image=&#8220;off&#8220; custom_padding=&#8220;50px||100px||false|false&#8220; custom_padding_tablet=&#8220;||100px||false|false&#8220; custom_padding_phone=&#8220;||80px||false|false&#8220; custom_padding_last_edited=&#8220;on|phone&#8220; global_colors_info=&#8220;{}&#8220; custom_padding__hover=&#8220;|||&#8220;][et_pb_text admin_label=&#8220;Headline Fernwartung&#8220; _builder_version=&#8220;4.25.0&#8243; text_font=&#8220;||||||||&#8220; text_text_color=&#8220;#7f868b&#8220; text_font_size=&#8220;15px&#8220; text_line_height=&#8220;1.5em&#8220; header_font=&#8220;Roboto|500||on|||||&#8220; header_text_color=&#8220;#ffffff&#8220; header_font_size=&#8220;20px&#8220; header_letter_spacing=&#8220;0.5px&#8220; header_2_font=&#8220;Lato|700|||||||&#8220; header_2_font_size=&#8220;32px&#8220; header_2_line_height=&#8220;1.4em&#8220; background_layout=&#8220;dark&#8220; custom_padding=&#8220;|||40px|false|false&#8220; global_colors_info=&#8220;{}&#8220; custom_padding__hover_enabled=&#8220;off|desktop&#8220;]<\/p>\n<h1>Fernwartung mit <span style=\"white-space:nowrap;\">KIU-IT.TeamViewer<\/span><\/h1>\n<p>[\/et_pb_text][et_pb_divider color=&#8220;#ffffff&#8220; _builder_version=&#8220;4.16&#8243; _module_preset=&#8220;default&#8220; global_colors_info=&#8220;{}&#8220;][\/et_pb_divider][et_pb_cta button_url=&#8220;https:\/\/customdesign.teamviewer.com\/download\/version_15x\/s399a4d_windows\/TeamViewerQS.exe&#8220; button_text=&#8220;Download&#8220; disabled_on=&#8220;on|on|on&#8220; admin_label=&#8220;CTO &#8211; Download TeamViewer Windows&#8220; _builder_version=&#8220;4.16&#8243; _module_preset=&#8220;default&#8220; header_level=&#8220;h1&#8243; header_font=&#8220;Roboto|500||on|||||&#8220; header_font_size=&#8220;20px&#8220; custom_margin=&#8220;10px|10px|10px|10px|false|false&#8220; custom_padding=&#8220;10px||20px||false|false&#8220; disabled=&#8220;on&#8220; global_colors_info=&#8220;{}&#8220;]<\/p>\n<p>f\u00fcr <strong>Microsoft Windows 10<\/strong><\/p>\n<p>[\/et_pb_cta][et_pb_cta button_url=&#8220;https:\/\/get.teamviewer.com\/kiu-it&#8220; url_new_window=&#8220;on&#8220; button_text=&#8220;Download&#8220; admin_label=&#8220;CTO &#8211; Download TeamViewer Allgemein&#8220; _builder_version=&#8220;4.27.5&#8243; _module_preset=&#8220;default&#8220; header_level=&#8220;h1&#8243; header_font=&#8220;Roboto|500||on|||||&#8220; header_font_size=&#8220;20px&#8220; custom_margin=&#8220;10px|10px|10px|10px|false|false&#8220; custom_padding=&#8220;10px||20px||false|false&#8220; hover_enabled=&#8220;0&#8243; global_colors_info=&#8220;{}&#8220; sticky_enabled=&#8220;0&#8243;]<\/p>\n<p>f\u00fcr <strong>alle Betriebssysteme<\/strong><\/p>\n<p>[\/et_pb_cta][et_pb_divider color=&#8220;#ffffff&#8220; _builder_version=&#8220;4.16&#8243; _module_preset=&#8220;default&#8220; custom_margin=&#8220;30px||||false|false&#8220; global_colors_info=&#8220;{}&#8220;][\/et_pb_divider][et_pb_text admin_label=&#8220;Headline Hinweis&#8220; _builder_version=&#8220;4.16&#8243; text_font=&#8220;||||||||&#8220; text_text_color=&#8220;#7f868b&#8220; text_font_size=&#8220;15px&#8220; text_line_height=&#8220;1.5em&#8220; header_font=&#8220;Roboto|500||on|||||&#8220; header_text_color=&#8220;#ffffff&#8220; header_font_size=&#8220;20px&#8220; header_letter_spacing=&#8220;0.5px&#8220; header_2_font=&#8220;Lato|700|||||||&#8220; header_2_font_size=&#8220;32px&#8220; header_2_line_height=&#8220;1.4em&#8220; background_layout=&#8220;dark&#8220; custom_padding=&#8220;|||40px|false|false&#8220; global_colors_info=&#8220;{}&#8220;]<\/p>\n<h1>Hinweis:<\/h1>\n<p>[\/et_pb_text][et_pb_divider color=&#8220;#ffffff&#8220; _builder_version=&#8220;4.16&#8243; _module_preset=&#8220;default&#8220; global_colors_info=&#8220;{}&#8220;][\/et_pb_divider][et_pb_text admin_label=&#8220;Text Hinweis&#8220; _builder_version=&#8220;4.16&#8243; text_font=&#8220;||||||||&#8220; text_text_color=&#8220;#7f868b&#8220; text_font_size=&#8220;17px&#8220; text_line_height=&#8220;1.5em&#8220; header_font=&#8220;|600||on|||||&#8220; header_text_color=&#8220;#7f868b&#8220; header_font_size=&#8220;20px&#8220; header_2_font=&#8220;Lato|700|||||||&#8220; header_2_font_size=&#8220;32px&#8220; header_2_line_height=&#8220;1.4em&#8220; background_layout=&#8220;dark&#8220; custom_margin=&#8220;||20px||false|false&#8220; custom_padding=&#8220;|20px||40px|false|false&#8220; global_colors_info=&#8220;{}&#8220;]<\/p>\n<p>Um Sie per Fernwartung unterst\u00fctzen zu k\u00f6nnen, setzen wir die Software TeamViewer ein. Diese Software ist die Voraussetzung daf\u00fcr, aus der Entfernung kontrolliert Zugriff auf Ihren Rechner zu erhalten. <\/p>\n<p>Genaue Anweisungen finden Sie auf folgender Seite:<\/p>\n<p>[\/et_pb_text][et_pb_button button_url=&#8220;@ET-DC@eyJkeW5hbWljIjp0cnVlLCJjb250ZW50IjoicG9zdF9saW5rX3VybF9wYWdlIiwic2V0dGluZ3MiOnsicG9zdF9pZCI6IjExODYifX0=@&#8220; button_text=&#8220;Anweisungen zur Software&#8220; button_alignment=&#8220;center&#8220; _builder_version=&#8220;4.23.4&#8243; _dynamic_attributes=&#8220;button_url&#8220; _module_preset=&#8220;default&#8220; custom_button=&#8220;on&#8220; button_text_color=&#8220;#FFFFFF&#8220; button_border_color=&#8220;#FFFFFF&#8220; global_colors_info=&#8220;{}&#8220;][\/et_pb_button][\/et_pb_column][\/et_pb_row][\/et_pb_section]<\/p>\n","protected":false},"excerpt":{"rendered":"<p>Fernwartung mit KIU-IT.TeamViewerf\u00fcr Microsoft Windows 10f\u00fcr alle BetriebssystemeHinweis:Um Sie per Fernwartung unterst\u00fctzen zu k\u00f6nnen, setzen wir die Software TeamViewer ein. Diese Software ist die Voraussetzung daf\u00fcr, aus der Entfernung kontrolliert Zugriff auf Ihren Rechner zu erhalten. Genaue Anweisungen finden Sie auf folgender Seite:<\/p>\n","protected":false},"author":2,"featured_media":0,"parent":191,"menu_order":4,"comment_status":"closed","ping_status":"closed","template":"","meta":{"_seopress_robots_primary_cat":"","_seopress_titles_title":"","_seopress_titles_desc":"","_seopress_robots_index":"","_et_pb_use_builder":"on","_et_pb_old_content":"","_et_gb_content_width":"","footnotes":""},"class_list":["post-159","page","type-page","status-publish","hentry"],"_links":{"self":[{"href":"https:\/\/www.kiu-it.de\/info\/wp-json\/wp\/v2\/pages\/159","targetHints":{"allow":["GET"]}}],"collection":[{"href":"https:\/\/www.kiu-it.de\/info\/wp-json\/wp\/v2\/pages"}],"about":[{"href":"https:\/\/www.kiu-it.de\/info\/wp-json\/wp\/v2\/types\/page"}],"author":[{"embeddable":true,"href":"https:\/\/www.kiu-it.de\/info\/wp-json\/wp\/v2\/users\/2"}],"replies":[{"embeddable":true,"href":"https:\/\/www.kiu-it.de\/info\/wp-json\/wp\/v2\/comments?post=159"}],"version-history":[{"count":10,"href":"https:\/\/www.kiu-it.de\/info\/wp-json\/wp\/v2\/pages\/159\/revisions"}],"predecessor-version":[{"id":2197,"href":"https:\/\/www.kiu-it.de\/info\/wp-json\/wp\/v2\/pages\/159\/revisions\/2197"}],"up":[{"embeddable":true,"href":"https:\/\/www.kiu-it.de\/info\/wp-json\/wp\/v2\/pages\/191"}],"wp:attachment":[{"href":"https:\/\/www.kiu-it.de\/info\/wp-json\/wp\/v2\/media?parent=159"}],"curies":[{"name":"wp","href":"https:\/\/api.w.org\/{rel}","templated":true}]}}